{"id":2053,"date":"2024-07-01T21:58:15","date_gmt":"2024-07-02T02:58:15","guid":{"rendered":"https:\/\/staging.dupagelegalaid.org\/terms-and-conditions\/"},"modified":"2025-07-14T20:45:04","modified_gmt":"2025-07-15T01:45:04","slug":"terms-and-conditions","status":"publish","type":"page","link":"https:\/\/staging.dupagelegalaid.org\/es\/terms-and-conditions\/","title":{"rendered":"Condiciones generals"},"content":{"rendered":"<p>[et_pb_section fb_built=\u00bb1&#8243; admin_label=\u00bbHeader Space\u00bb _builder_version=\u00bb4.25.1&#8243; _module_preset=\u00bbdefault\u00bb background_color=\u00bb#51527b\u00bb min_height=\u00bb120px\u00bb custom_margin=\u00bb0px|0px|0px|0px|false|false\u00bb custom_padding=\u00bb0px|0px|0px|0px|false|false\u00bb locked=\u00bboff\u00bb collapsed=\u00bboff\u00bb global_colors_info=\u00bb{}\u00bb][\/et_pb_section][et_pb_section fb_built=\u00bb1&#8243; _builder_version=\u00bb4.16&#8243; global_colors_info=\u00bb{}\u00bb][et_pb_row _builder_version=\u00bb4.25.1&#8243; _module_preset=\u00bbdefault\u00bb width=\u00bb100%\u00bb max_width=\u00bb1670px\u00bb module_alignment=\u00bbcenter\u00bb custom_padding=\u00bb|15px||15px|false|true\u00bb locked=\u00bboff\u00bb global_colors_info=\u00bb{}\u00bb][et_pb_column type=\u00bb4_4&#8243; _builder_version=\u00bb4.25.1&#8243; _module_preset=\u00bbdefault\u00bb global_colors_info=\u00bb{}\u00bb][et_pb_heading title=\u00bbCondiciones generals\u00bb _builder_version=\u00bb4.25.1&#8243; _module_preset=\u00bbdefault\u00bb title_font=\u00bb|700|||||||\u00bb title_text_color=\u00bb#f18070&#8243; title_font_size=\u00bb50px\u00bb global_colors_info=\u00bb{}\u00bb][\/et_pb_heading][\/et_pb_column][\/et_pb_row][et_pb_row _builder_version=\u00bb4.16&#8243; background_size=\u00bbinitial\u00bb background_position=\u00bbtop_left\u00bb background_repeat=\u00bbrepeat\u00bb global_colors_info=\u00bb{}\u00bb][et_pb_column type=\u00bb4_4&#8243; _builder_version=\u00bb4.16&#8243; custom_padding=\u00bb|||\u00bb global_colors_info=\u00bb{}\u00bb custom_padding__hover=\u00bb|||\u00bb][et_pb_text _builder_version=\u00bb4.27.4&#8243; background_size=\u00bbinitial\u00bb background_position=\u00bbtop_left\u00bb background_repeat=\u00bbrepeat\u00bb hover_enabled=\u00bb0&#8243; global_colors_info=\u00bb{}\u00bb sticky_enabled=\u00bb0&#8243;]<\/p>\n<p>\u00daltima actualizaci\u00f3n: 01 de julio de 2024<\/p>\n<p>Lea atentamente estas condiciones antes de utilizar nuestro Servicio.<\/p>\n<h2>Interpretaci\u00f3n y Definiciones<\/h2>\n<h3>Interpretaci\u00f3n<\/h3>\n<p>Las palabras cuya inicial aparece en may\u00fascula tienen los significados que se definen a continuaci\u00f3n. Las siguientes definiciones tendr\u00e1n el mismo significado independientemente de que aparezcan en singular o en plural. <\/p>\n<h3>Definici\u00f3n<\/h3>\n<p>For the purposes of these Terms and Conditions:<\/p>\n<ul>\n<li>Afiliada significa una entidad que controla, es controlada por o est\u00e1 bajo control com\u00fan con una parte, donde control significa la propiedad del 50% o m\u00e1s de las acciones. Participaciones u otros valores con derecho a voto para la elecci\u00f3n de directores u otra autoridad de gesti\u00f3n.<\/li>\n<li>El Pa\u00eds refiere a: Illinois, Estados Unidos Country refers to: Illinois, United States<\/li>\n<li>Empresa (denominada la empresa nosotros, Noso, nuestro en el presente acuerdo) se refiere a DuPage Legal Assistance Foundation, 126 South County Farm Road, Wheaton, IL 60187.<\/li>\n<li>Dispositivo: cualquier aparato que pueda acceder a; servicio, como un ordenador, un tel\u00e9fono m\u00f3vil o una tableta digital. Device means any device that can access the Service such as a computer, a cellphone or a digital tablet.<\/li>\n<li>Servicio se refiere al sitio web. Service refers to the Website.<\/li>\n<li>T\u00e9rminos y condiciones (tambi\u00e9n referidos como t\u00e9rminos) significan estos t\u00e9rminos y condiciones que forman el acuerdo completo entre usted y la compa\u00f1\u00eda con respecto al uso del servicio.<\/li>\n<li>Por servicio de medios sociales de terceros se entiende cualquier servicio o contenido (incluidos datos informaci\u00f3n, productos o servicios) proporcionado por un tercero que pueda ser mostrado, incluido o puesto a disposici\u00f3n por el servicio.<\/li>\n<li>El sitio web remite a la fundaci\u00f3n de asistencia Jur\u00eddica de Dupage, accesible desde &lt;https:\/\/dupagelegalaid.org\/&gt;<\/li>\n<li>Usted es la persona f\u00edsica que accede o utiliza el servicio, o la empresa u otra entidad jur\u00eddica en nombre de la cual dicha persona f\u00edsica accede o utiliza el servicio seg\u00fan corresponda.<\/li>\n<\/ul>\n<h2>Reconocimiento<\/h2>\n<p>Estos son los T\u00e9rminos y Condiciones que rigen el uso de este Servicio y el acuerdo que opera entre Usted y la Compa\u00f1\u00eda. Estos T\u00e9rminos y Condiciones establecen los derechos y obligaciones de todos los usuarios en relaci\u00f3n con el uso del Servicio. <\/p>\n<p>Su acceso y uso del servicio est\u00e1n condicionados a su aceptaci\u00f3n y cumplimiento de estos t\u00e9rminos y condiciones. Estas condiciones se aplican a todos los visitantes, usuarios y dem\u00e1s personas que accedan o utilicen el servicio. <\/p>\n<p>Al acceder o utilizar el servicio, usted acepta quedar vinculado por las presentes condiciones generales. Si no esta de acuerdo con alguna parte de estas condiciones, no podr\u00e1 acceder al servicio. <\/p>\n<p>Usted declara que es mayor de 18 a\u00f1os, la empresa no permite que los menores de 18 anos utilicen el servicio. <\/p>\n<p>Su acceso y uso del servicio tambi\u00e9n est\u00e1n condicionados a su aceptaci\u00f3n y cumplimiento de la pol\u00edtica de privacidad de la empresa nuestra pol\u00edtica de privacidad describe Nuestras pol\u00edticas y procedimientos sobre la recopilaci\u00f3n, uso y divulgaci\u00f3n de Su informaci\u00f3n personal cuando Usted utiliza la Aplicaci\u00f3n o el Sitio Web y le informa sobre Sus derechos de privacidad y c\u00f3mo le protege la ley. Lea atentamente nuestra Pol\u00edtica de privacidad antes de utilizar nuestro Servicio.  <\/p>\n<h2>Enlaces a otros sitios Web<\/h2>\n<p>Nuestro Servicio puede contener enlaces a sitios web o servicios de terceros que no son propiedad ni est\u00e1n controlados por la empresa.<\/p>\n<p>Adem\u00e1s, usted reconoce y acepta que la compa\u00f1\u00eda no ser\u00e1 responsable directa o indirectamente, por cualquier da\u00f1o o perdida causada o supuestamente causada por o en conexi\u00f3n con el uso o la confianza en cualquier contenido, bienes o servicios disponibles en o a trav\u00e9s de cualquiera de dichos sitios web o servicios. <\/p>\n<p>Le recomendamos encarecidamente que lea los t\u00e9rminos y condiciones y las pol\u00edticas de privacidad de los sitios web o servicios de terceros que visite.<\/p>\n<h2>Terminaci\u00f3n<\/h2>\n<p>Podemos terminar o suspender su acceso inmediatamente, sin previo aviso ni responsabilidad, por cualquier motivo. Incluyendo, sin limitaci\u00f3n, si usted incumple estos t\u00e9rminos y condiciones.<\/p>\n<p>En caso de rescisi\u00f3n, cesara inmediatamente su derecho a utilizar el servicio.<\/p>\n<h2>Limitaci\u00f3n de Responsabilidad<\/h2>\n<p>Sin perjuicio de los danos y perjuicios en que usted pueda incurrir, la responsabilidad total de la empresa y de cualquiera de sus proveedores en virtud de cualquier disposici\u00f3n de las presentes condiciones y su recurso exclusivo para todo lo anterior se limitara al importe efectivamente pagado por usted a trav\u00e9s del servicio o a 100 USD si usted no ha comprado nada a trav\u00e9s del servicio.<\/p>\n<p>En la medida m\u00e1xima permitida por la legislaci\u00f3n aplicable, en ning\u00fan caso la empresa o sus proveedores ser\u00e1n responsables de ning\u00fan da\u00f1o especial, incidental, indirecto o consecuente de ning\u00fan tipo(incluidos, entre otros, danos por perdida de beneficios, perdida de datos u otra informaci\u00f3n, por interrupci\u00f3n del negocio por danos personales, perdida de privacidad que se deriven o est\u00e9n relacionados de alg\u00fan modo con el uso o la imposibilidad de usar el servicio, el software de terceros y\/o el hardware de terceros utilizado con el servicio o de alg\u00fan otro modo en relaci\u00f3n con cualquier disposici\u00f3n de estas condiciones) incluso si la empresa o cualquier proveedor ha sido advertido de la posibilidad de tales danos e incluso si la soluci\u00f3n no cumple su finalidad esencial.<\/p>\n<p>Algunos estados no permiten la exclusi\u00f3n de garant\u00edas impl\u00edcitas o la limitaci\u00f3n de responsabilidad por danos incidentales o consecuentes, lo que significa que algunas de las ilimitaciones anteriores pueden no ser aplicables. En estos estados la responsabilidad de cada parte se limitar\u00e1 en la mayor medida permitida por la ley. <\/p>\n<h2>Descargo de responsabilidad TAL CUAL y SEG\u00daN DISPONIBILIDAD<\/h2>\n<p>El Servicio se le proporciona TAL CUAL y SEG\u00daN DISPONIBILIDAD y con todos los fallos y defectos sin garant\u00eda de ning\u00fan tipo. En la m\u00e1xima medida permitida por la legislaci\u00f3n aplicable, la Empresa, en su propio nombre y en nombre de sus afiliadas y sus respectivos licenciantes y proveedores de servicios, renuncia expresamente a todas las garant\u00edas, ya sean expresas, impl\u00edcitas, legales o de otro tipo. Con respecto al servicio, incluidas todas las garant\u00edas impl\u00edcitas de comerciabilidad, idoneidad para un fin determinado, titularidad y no infracci\u00f3n, y las garant\u00edas que puedan derivarse del curso de las negociaciones, el curso de la ejecuci\u00f3n, el uso o la pr\u00e1ctica comercial. Sin limitaci\u00f3n de lo anterior, la empresa no ofrece ninguna garant\u00eda o compromiso, y no hace ninguna representaci\u00f3n de ning\u00fan tipo de que el servicio cumplir\u00e1 con sus requisitos, lograr\u00e1 los resultados previstos, ser\u00e1 compatible o funcionar\u00e1 con cualquier otro software, aplicaciones, sistemas o servicios, funcionar\u00e1 sin interrupci\u00f3n, cumplir\u00e1 con las normas de rendimiento o fiabilidad o estar\u00e1 libre de errores o que cualquier error o defecto puede o ser\u00e1 corregido.  <\/p>\n<p>Sin perjuicio de lo anterior, ni empresa ni ninguno de los proveedores de la empresa ofrecen declaraci\u00f3n o garant\u00eda alguna, expresa o impl\u00edcita: (1) en cuanto al funcionamiento o disponibilidad del servicio, o de la informaci\u00f3n contenido y materiales o productos incluidos en el mismo (2) que el servicio ser\u00e1 ininterrumpido o libre de errores (3) en cuanto a la exactitud, fiabilidad o actualidad de cualquier informaci\u00f3n o contenido proporcionado a trav\u00e9s del servicio: (4) que el servicio, sus servidores el contenido o los correos electr\u00f3nicos enviados desde o en nombre de la empresa est\u00e1n libres de virus, scripts, troyanos, gusanos, malware, bombas de tiempo u otros.    <\/p>\n<p>Algunas jurisdicciones no permiten la exclusi\u00f3n de determinados tipos de garant\u00edas o limitaciones de los derechos legales aplicables de un consumidor, por lo que posible que algunas o todas, las exclusiones y limitaciones anteriores no sean aplicables en su caso. Pero en tal caso, las exclusiones y limitaciones establecidas en esta secci\u00f3n se aplicar\u00e1n en la mayor medida exigible en virtud de. <\/p>\n<h2>Legislaci\u00f3n Aplicable<\/h2>\n<p>Las presentes condiciones y el uso que usted haga del servicio se regir\u00e1n por la legislaci\u00f3n del pa\u00eds, con exclusi\u00f3n de sus normas sobre conflictos de leyes. Su uso de la aplicaci\u00f3n tambi\u00e9n puede estar sujeto a otras leyes locales, estatales, nacionales o internacionales. <\/p>\n<h2>Resoluci\u00f3n de disputas<\/h2>\n<p>Si tiene alguna duda o disputa sobre el servicio, acepta primero intentar resolver la disputa de manera informal poni\u00e9ndose en contacto con la empresa.<\/p>\n<h2>Para usuarios de la Uni\u00f3n Europea (UE)<\/h2>\n<p>Si Usted es un consumidor de la uni\u00f3n Europea, se beneficiar\u00e1 de las disposiciones obligatorias de la legislaci\u00f3n del pa\u00eds en el que resida.<\/p>\n<h2>Cumplimiento Legal en Estados Unidos<\/h2>\n<p>Usted declara y garantiza que (1) no se encuentra en un pa\u00eds sujeto a embargo por parte del gobierno de Estados Unidos, o que haya sido designado por el gobierno de Estados Unidos como pa\u00eds de apoyo al terrorismo y (2) no figura en ninguna lista de partes prohibidas o restringidas del gobierno de Estados Unidos.  <\/p>\n<h2>Divisibilidad y Exenci\u00f3n<\/h2>\n<h3>Divisibilidad<\/h3>\n<p>Si alguna disposici\u00f3n de estas condiciones se considera inaplicable o invalidada, dicha disposici\u00f3n se modificar\u00e1 e interpretara para cumplir los objetivos de dicha disposici\u00f3n en la mayor medida posible seg\u00fan la legislaci\u00f3n aplicable y las disposiciones restantes seguir\u00e1n en pleno vigor y efecto.<\/p>\n<h3>Exenci\u00f3n<\/h3>\n<p>Salvo lo dispuesto en el presente documento, el hecho de no ejercer un derecho o de no exigir el cumplimiento de una obligaci\u00f3n en virtud de las presentes Condiciones no afectar\u00e1 a la capacidad de una parte para ejercer dicho derecho o exigir dicho cumplimiento en cualquier momento posterior, ni la renuncia a un incumplimiento constituir\u00e1 una renuncia a cualquier incumplimiento posterior.<\/p>\n<h2>Traduccion Interpretaci\u00f3n<\/h2>\n<p>Estas condiciones generales pueden haber sido traducidas si las hemos puesto a su disposici\u00f3n en nuestro servicio. Usted acepta que el texto original en ingles prevalecer\u00e1 en caso de litigio. <\/p>\n<h2>Modificaciones de las presents condiciones<\/h2>\n<p>Nos reservamos el derecho, a nuestra entera discreci\u00f3n, de modificar o sustituir estas condiciones en cualquier momento. Si una revisi\u00f3n es sustancial, haremos todo lo razonablemente posible para notificarlos con al menos 30 d\u00edas de antelaci\u00f3n a la entrada en vigor de los nuevos t\u00e9rminos. Lo que constituya un cambio sustancial se determinara a nuestra entera discreci\u00f3n.  <\/p>\n<p>Al continuar accediendo o utilizando nuestro servicio despu\u00e9s de que dichas revisiones entren en vigor, usted acepta quedar vinculado por los t\u00e9rminos revisados. Si no esta de acuerdo con las nuevas condiciones, en su totalidad o en parte, deje de utilizar y sitio web y el servicio. <\/p>\n<h2>Contacto<\/h2>\n<p>Si tiene alguna pregunta sobre estas Condiciones, puede ponerse en contacto con nosotros:<\/p>\n<ul>\n<li>Por Correo Electr\u00f3nico: email@dupagelegalaid.org<\/li>\n<\/ul>\n<p>&nbsp;<\/p>\n<p>[\/et_pb_text][\/et_pb_column][\/et_pb_row][\/et_pb_section]<\/p>\n","protected":false},"excerpt":{"rendered":"<p>\u00daltima actualizaci\u00f3n: 01 de julio de 2024 Lea atentamente estas condiciones antes de utilizar nuestro Servicio. Interpretaci\u00f3n y Definiciones Interpretaci\u00f3n Las palabras cuya inicial aparece en may\u00fascula tienen los significados que se definen a continuaci\u00f3n. Las siguientes definiciones tendr\u00e1n el mismo significado independientemente de que aparezcan en singular o en plural. Definici\u00f3n For the purposes [&hellip;]<\/p>\n","protected":false},"author":2,"featured_media":0,"parent":0,"menu_order":0,"comment_status":"closed","ping_status":"closed","template":"","meta":{"_et_pb_use_builder":"on","_et_pb_old_content":"","_et_gb_content_width":"","inline_featured_image":false,"footnotes":""},"class_list":["post-2053","page","type-page","status-publish","hentry"],"aioseo_notices":[],"_links":{"self":[{"href":"https:\/\/staging.dupagelegalaid.org\/es\/wp-json\/wp\/v2\/pages\/2053","targetHints":{"allow":["GET"]}}],"collection":[{"href":"https:\/\/staging.dupagelegalaid.org\/es\/wp-json\/wp\/v2\/pages"}],"about":[{"href":"https:\/\/staging.dupagelegalaid.org\/es\/wp-json\/wp\/v2\/types\/page"}],"author":[{"embeddable":true,"href":"https:\/\/staging.dupagelegalaid.org\/es\/wp-json\/wp\/v2\/users\/2"}],"replies":[{"embeddable":true,"href":"https:\/\/staging.dupagelegalaid.org\/es\/wp-json\/wp\/v2\/comments?post=2053"}],"version-history":[{"count":10,"href":"https:\/\/staging.dupagelegalaid.org\/es\/wp-json\/wp\/v2\/pages\/2053\/revisions"}],"predecessor-version":[{"id":2112,"href":"https:\/\/staging.dupagelegalaid.org\/es\/wp-json\/wp\/v2\/pages\/2053\/revisions\/2112"}],"wp:attachment":[{"href":"https:\/\/staging.dupagelegalaid.org\/es\/wp-json\/wp\/v2\/media?parent=2053"}],"curies":[{"name":"wp","href":"https:\/\/api.w.org\/{rel}","templated":true}]}}